{"id":28,"date":"2025-08-12T16:32:33","date_gmt":"2025-08-12T14:32:33","guid":{"rendered":"https:\/\/www.sabinemoyne.com\/?page_id=28"},"modified":"2025-09-01T17:03:49","modified_gmt":"2025-09-01T15:03:49","slug":"votre-situation","status":"publish","type":"page","link":"https:\/\/www.sabinemoyne.com\/index.php\/votre-situation\/","title":{"rendered":"Votre situation"},"content":{"rendered":"\n<p>Vous \u00eates&#8230;<\/p>\n\n\n\n<p><strong>Jeune en fin d&rsquo;\u00e9tude<\/strong><\/p>\n\n\n\n<ul class=\"wp-block-list\">\n<li>Envie d&rsquo;aide pour faire son CV \/ Lettre de motivation<\/li>\n\n\n\n<li>A la recherche d&rsquo;un premier stage \/ emploi<\/li>\n\n\n\n<li>Se pose des questions sur son orientation professionnelle<\/li>\n<\/ul>\n\n\n\n<p><a href=\"https:\/\/www.sabinemoyne.com\/index.php\/vous-etes-jeune-en-fin-detudes-un-accompagnement-sur-mesure\/\">En savoir plus<\/a><\/p>\n\n\n\n<p><strong>En recherche d&#8217;emploi<\/strong><\/p>\n\n\n\n<ul class=\"wp-block-list\">\n<li>Envie de conseil pour am\u00e9liorer son CV \/ Lettre de motivation<\/li>\n\n\n\n<li>Cherche \u00e0 mieux d\u00e9finir son projet pro<\/li>\n\n\n\n<li>Personne en reclassement professionnel<\/li>\n<\/ul>\n\n\n\n<p><a href=\"https:\/\/www.sabinemoyne.com\/index.php\/vous-etes-en-recherche-demploi-un-accompagnement-sur-mesure\/\">En savoir plus<\/a><\/p>\n\n\n\n<p><strong>En poste<\/strong><\/p>\n\n\n\n<ul class=\"wp-block-list\">\n<li>Vous \u00eates dans les premiers mois, la prise de poste est un moment cl\u00e9 de votre r\u00e9ussite<\/li>\n\n\n\n<li>Vous \u00eates manager et rencontrez des difficult\u00e9s avec votre \u00e9quipe ou souhaitez renforcer votre &lsquo;leadership&rsquo;<\/li>\n\n\n\n<li>Vous \u00eates employ\u00e9 et souhaiter am\u00e9liorer les relations avec votre manager ou vos coll\u00e8gues<\/li>\n\n\n\n<li>Vous \u00eates en poste mais la satisfaction n&rsquo;est pas l\u00e0, il faut prendre le temps de se poser les bonnes questions<\/li>\n<\/ul>\n\n\n\n<p><a href=\"https:\/\/www.sabinemoyne.com\/index.php\/vous-etes-en-poste-un-accompagnement-pour-reussir-et-evoluer\/\">En savoir plus<\/a><\/p>\n","protected":false},"excerpt":{"rendered":"<p>Vous \u00eates&#8230; Jeune en fin d&rsquo;\u00e9tude En savoir plus En recherche d&#8217;emploi En savoir plus En poste En savoir plus<\/p>\n","protected":false},"author":1,"featured_media":0,"parent":0,"menu_order":0,"comment_status":"closed","ping_status":"closed","template":"","meta":{"footnotes":""},"class_list":["post-28","page","type-page","status-publish","hentry"],"_links":{"self":[{"href":"https:\/\/www.sabinemoyne.com\/index.php\/wp-json\/wp\/v2\/pages\/28","targetHints":{"allow":["GET"]}}],"collection":[{"href":"https:\/\/www.sabinemoyne.com\/index.php\/wp-json\/wp\/v2\/pages"}],"about":[{"href":"https:\/\/www.sabinemoyne.com\/index.php\/wp-json\/wp\/v2\/types\/page"}],"author":[{"embeddable":true,"href":"https:\/\/www.sabinemoyne.com\/index.php\/wp-json\/wp\/v2\/users\/1"}],"replies":[{"embeddable":true,"href":"https:\/\/www.sabinemoyne.com\/index.php\/wp-json\/wp\/v2\/comments?post=28"}],"version-history":[{"count":9,"href":"https:\/\/www.sabinemoyne.com\/index.php\/wp-json\/wp\/v2\/pages\/28\/revisions"}],"predecessor-version":[{"id":84,"href":"https:\/\/www.sabinemoyne.com\/index.php\/wp-json\/wp\/v2\/pages\/28\/revisions\/84"}],"wp:attachment":[{"href":"https:\/\/www.sabinemoyne.com\/index.php\/wp-json\/wp\/v2\/media?parent=28"}],"curies":[{"name":"wp","href":"https:\/\/api.w.org\/{rel}","templated":true}]}}