{"id":32,"date":"2025-08-12T16:36:41","date_gmt":"2025-08-12T14:36:41","guid":{"rendered":"https:\/\/www.sabinemoyne.com\/?page_id=32"},"modified":"2025-09-01T19:19:06","modified_gmt":"2025-09-01T17:19:06","slug":"methodologies","status":"publish","type":"page","link":"https:\/\/www.sabinemoyne.com\/index.php\/methodologies\/","title":{"rendered":"Des m\u00e9thodologies pour r\u00e9v\u00e9ler votre potentiel"},"content":{"rendered":"\n<p><\/p>\n\n\n\n<p>Sabine Moyne, sp\u00e9cialiste de la gestion de carri\u00e8re, s\u2019appuie sur des outils puissants, chacun compl\u00e9mentaire, pour accompagner ses clients dans la d\u00e9couverte d&rsquo;eux-m\u00eames et la d\u00e9finition de leur projet professionnel.<\/p>\n\n\n\n<h2 class=\"wp-block-heading\" id=\"mbti--explorer-sa-personnalit\">MBTI : Explorer sa personnalit\u00e9<\/h2>\n\n\n\n<p>Le&nbsp;<strong>MBTI<\/strong>&nbsp;(Myers Briggs Type Indicator) est un outil d\u2019\u00e9valuation des types psychologiques bas\u00e9 sur le mod\u00e8le de Carl Jung. Il permet de mieux comprendre son mode de fonctionnement, ses motivations et son potentiel d\u2019\u00e9volution. Utilis\u00e9 aussi bien pour le d\u00e9veloppement personnel que professionnel, le MBTI aide \u00e0 clarifier ses forces, ses zones de confort et les axes d\u2019am\u00e9lioration.<a rel=\"noreferrer noopener\" target=\"_blank\" href=\"https:\/\/eu.themyersbriggs.com\/-\/media\/Files\/PDFs\/Training\/France\/Programme-de-la-formation-Remise-a-niveau-MBTI-en-presentiel_The-Myers-Briggs-Company_2024.pdf\"><\/a><\/p>\n\n\n\n<p><a href=\"https:\/\/www.sabinemoyne.com\/index.php\/le-mbti-un-outil-complet-au-service-de-la-connaissance-de-soi\/\">En savoir plus sur le MBTI<\/a><a href=\"https:\/\/eu.themyersbriggs.com\/-\/media\/Files\/PDFs\/Training\/France\/Programme-de-la-formation-Remise-a-niveau-MBTI-en-presentiel_The-Myers-Briggs-Company_2024.pdf\" target=\"_blank\" rel=\"noreferrer noopener\"><\/a><\/p>\n\n\n\n<h2 class=\"wp-block-heading\" id=\"f3p--construire-son-projet-professionnel\">F3P Management de Carri\u00e8re: Construire son projet professionnel<\/h2>\n\n\n\n<p>La m\u00e9thode&nbsp;<strong>F3P<\/strong>&nbsp;(Formation Point Projet Professionnel) propose une d\u00e9marche rigoureuse pour structurer et valider son projet de carri\u00e8re. Elle combine des outils d\u2019analyse de l\u2019environnement, une matrice dynamique pour suivre sa progression, et un accompagnement personnalis\u00e9 centr\u00e9 sur la s\u00e9curit\u00e9 et la mobilit\u00e9. Le F3P donne la libert\u00e9 de se projeter et de fluidifier la gestion des parcours professionnels.<a rel=\"noreferrer noopener\" target=\"_blank\" href=\"https:\/\/actualitesgroupeferrein.wordpress.com\/wp-content\/uploads\/2017\/03\/livre_blanc_ip_dc3a9cembre_2016.pdf\"><\/a><\/p>\n\n\n\n<p><a href=\"https:\/\/www.sabinemoyne.com\/index.php\/le-f3p-formation-projet-professionnel-personnalise-une-demarche-structuree-et-originale-du-groupe-jl-ferrein\/\">D\u00e9couvrir la m\u00e9thode F3P<\/a><a href=\"https:\/\/actualitesgroupeferrein.wordpress.com\/wp-content\/uploads\/2017\/03\/livre_blanc_ip_dc3a9cembre_2016.pdf\" target=\"_blank\" rel=\"noreferrer noopener\"><\/a><\/p>\n\n\n\n<h2 class=\"wp-block-heading\" id=\"strong--identifier-ses-intrts-professionnels\">STRONG : Identifier ses int\u00e9r\u00eats professionnels<\/h2>\n\n\n\n<p>L\u2019<strong>Inventaire Strong<\/strong>&nbsp;est une r\u00e9f\u00e9rence internationale dans l\u2019identification des int\u00e9r\u00eats professionnels et secteurs d\u2019affinit\u00e9s. Il \u00e9claire sur les domaines et types de m\u00e9tiers en ad\u00e9quation avec la personnalit\u00e9, offrant ainsi des pistes concr\u00e8tes pour l\u2019orientation et le repositionnement de carri\u00e8re. Son approche structur\u00e9e permet d\u2019aligner envies, comp\u00e9tences et r\u00e9alit\u00e9 du march\u00e9.<a rel=\"noreferrer noopener\" target=\"_blank\" href=\"https:\/\/eu.themyersbriggs.com\/-\/media\/Files\/PDFs\/Reports-in-other-languages\/Strong\/STRONG_Profile_French.pdf\"><\/a><\/p>\n\n\n\n<p><a href=\"https:\/\/www.sabinemoyne.com\/index.php\/le-strong-linventaire-des-interets-professionnels\/\">En savoir plus sur le STRONG<\/a><\/p>\n\n\n\n<h2 class=\"wp-block-heading\">Bilan de Comp\u00e9tences<\/h2>\n\n\n\n<p>Ce dispositif du Bilan de Comp\u00e9tences permet d\u2019analyser les parcours, d\u2019identifier les comp\u00e9tences transf\u00e9rables et les forces mobilisables, tout en accompagnant la r\u00e9flexion sur l\u2019avenir professionnel. Le bilan, encadr\u00e9 par des outils et une m\u00e9thodologie certifi\u00e9e, aboutit \u00e0 la formulation d\u2019un projet construit et \u00e0 l\u2019\u00e9laboration d\u2019un plan d\u2019action personnalis\u00e9 pour favoriser un repositionnement efficace ou une \u00e9volution choisie.<\/p>\n\n\n\n<p><a href=\"https:\/\/www.sabinemoyne.com\/index.php\/bilan-de-competences-une-demarche-normalisee-pour-reveler-vos-talents-et-preparer-lavenir\/\">En savoir plus sur le bilan de comp\u00e9tences<\/a><\/p>\n\n\n\n<h2 class=\"wp-block-heading\">Coaching Professionnel RNCP<\/h2>\n\n\n\n<p>Le coaching professionnel, reconnu RNCP, vise \u00e0 renforcer la confiance, la motivation et les capacit\u00e9s d\u2019adaptation des individus. Il s\u2019appuie sur des outils d\u2019analyse, des mises en situation et des s\u00e9ances d\u2019accompagnement pour atteindre ses objectifs, d\u00e9passer les p\u00e9riodes de transition, et favoriser l\u2019atteinte d\u2019un plein potentiel dans la vie professionnelle.<\/p>\n\n\n\n<p><a href=\"https:\/\/www.sabinemoyne.com\/index.php\/coaching-professionnel-rncp-developpez-votre-potentiel-et-redynamisez-votre-carriere\/\">En savoir plus sur le coaching professionnel RNCP<\/a><\/p>\n\n\n\n<h2 class=\"wp-block-heading\">Co-d\u00e9veloppement professionnel et manag\u00e9rial<\/h2>\n\n\n\n<p>Cette approche collaborative permet \u00e0 chaque participant de b\u00e9n\u00e9ficier de l\u2019intelligence collective d\u2019un groupe. \u00c0 travers la r\u00e9flexion, l\u2019\u00e9change d\u2019exp\u00e9riences et le partage de solutions, le co-d\u00e9veloppement favorise l\u2019entraide, l\u2019am\u00e9lioration continue et la r\u00e9solution des probl\u00e9matiques professionnelles ou manag\u00e9riales dans un cadre s\u00e9curis\u00e9.<\/p>\n\n\n\n<p><a href=\"https:\/\/www.sabinemoyne.com\/index.php\/co-developpement-professionnel-et-managerial-stimuler-lintelligence-collective-pour-progresser-ensemble\/\">En savoir plus sur le co-d\u00e9veloppement<\/a><\/p>\n\n\n\n<h2 class=\"wp-block-heading\">Communication Non Violente et gestion des conflits<\/h2>\n\n\n\n<p>La Communication Non Violente (CNV) adapt\u00e9e au monde du travail aide \u00e0 pr\u00e9venir, appr\u00e9hender et r\u00e9soudre les tensions en entreprise. Elle permet de d\u00e9velopper une communication positive, une \u00e9coute active et une gestion des diff\u00e9rends respectueuse, afin de renforcer le climat de confiance et la qualit\u00e9 des relations professionnelles.<\/p>\n\n\n\n<p><a href=\"https:\/\/www.sabinemoyne.com\/index.php\/communication-non-violente-et-gestion-des-conflits-instaurer-des-relations-professionnelles-saines-et-efficaces\/\">En savoir plus sur la communication non violente<\/a><\/p>\n\n\n\n<hr class=\"wp-block-separator has-alpha-channel-opacity\"\/>\n\n\n\n<p>Ces outils, mis en \u0153uvre par Sabine Moyne, permettent de s\u2019engager dans une d\u00e9marche profond\u00e9ment personnalis\u00e9e, bienveillante et pragmatique pour b\u00e2tir un projet professionnel r\u00e9aliste et \u00e9panouissant.<a rel=\"noreferrer noopener\" target=\"_blank\" href=\"https:\/\/viadeo.journaldunet.com\/p\/sabine-moyne-martinez-1096710\"><\/a><\/p>\n\n\n\n<p><\/p>\n","protected":false},"excerpt":{"rendered":"<p>Sabine Moyne, sp\u00e9cialiste de la gestion de carri\u00e8re, s\u2019appuie sur des outils puissants, chacun compl\u00e9mentaire, pour accompagner ses clients dans la d\u00e9couverte d&rsquo;eux-m\u00eames et la d\u00e9finition de leur projet professionnel. MBTI : Explorer sa personnalit\u00e9 Le&nbsp;MBTI&nbsp;(Myers Briggs Type Indicator) est un outil d\u2019\u00e9valuation des types psychologiques bas\u00e9 sur le mod\u00e8le de Carl Jung. Il permet &hellip; <\/p>\n<p class=\"link-more\"><a href=\"https:\/\/www.sabinemoyne.com\/index.php\/methodologies\/\" class=\"more-link\">Lire la suite de<span class=\"screen-reader-text\">\u00ab\u00a0Des m\u00e9thodologies pour r\u00e9v\u00e9ler votre potentiel\u00a0\u00bb<\/span><\/a><\/p>\n","protected":false},"author":1,"featured_media":0,"parent":0,"menu_order":0,"comment_status":"closed","ping_status":"closed","template":"","meta":{"footnotes":""},"class_list":["post-32","page","type-page","status-publish","hentry"],"_links":{"self":[{"href":"https:\/\/www.sabinemoyne.com\/index.php\/wp-json\/wp\/v2\/pages\/32","targetHints":{"allow":["GET"]}}],"collection":[{"href":"https:\/\/www.sabinemoyne.com\/index.php\/wp-json\/wp\/v2\/pages"}],"about":[{"href":"https:\/\/www.sabinemoyne.com\/index.php\/wp-json\/wp\/v2\/types\/page"}],"author":[{"embeddable":true,"href":"https:\/\/www.sabinemoyne.com\/index.php\/wp-json\/wp\/v2\/users\/1"}],"replies":[{"embeddable":true,"href":"https:\/\/www.sabinemoyne.com\/index.php\/wp-json\/wp\/v2\/comments?post=32"}],"version-history":[{"count":15,"href":"https:\/\/www.sabinemoyne.com\/index.php\/wp-json\/wp\/v2\/pages\/32\/revisions"}],"predecessor-version":[{"id":115,"href":"https:\/\/www.sabinemoyne.com\/index.php\/wp-json\/wp\/v2\/pages\/32\/revisions\/115"}],"wp:attachment":[{"href":"https:\/\/www.sabinemoyne.com\/index.php\/wp-json\/wp\/v2\/media?parent=32"}],"curies":[{"name":"wp","href":"https:\/\/api.w.org\/{rel}","templated":true}]}}