{"id":5,"date":"2024-01-05T11:29:14","date_gmt":"2024-01-05T10:29:14","guid":{"rendered":"https:\/\/www.sabinemoyne.com\/?page_id=5"},"modified":"2025-09-13T09:18:58","modified_gmt":"2025-09-13T07:18:58","slug":"home","status":"publish","type":"page","link":"https:\/\/www.sabinemoyne.com\/","title":{"rendered":"Pr\u00e9sentation"},"content":{"rendered":"\n<figure class=\"wp-block-image size-full is-resized is-style-rounded\"><img loading=\"lazy\" decoding=\"async\" width=\"512\" height=\"512\" src=\"http:\/\/www.sabinemoyne.com\/wp-content\/uploads\/2025\/09\/cropped-Sabine_Moyne.jpeg\" alt=\"\" class=\"wp-image-114\" style=\"width:174px;height:auto\" srcset=\"https:\/\/www.sabinemoyne.com\/wp-content\/uploads\/2025\/09\/cropped-Sabine_Moyne.jpeg 512w, https:\/\/www.sabinemoyne.com\/wp-content\/uploads\/2025\/09\/cropped-Sabine_Moyne-300x300.jpeg 300w, https:\/\/www.sabinemoyne.com\/wp-content\/uploads\/2025\/09\/cropped-Sabine_Moyne-150x150.jpeg 150w, https:\/\/www.sabinemoyne.com\/wp-content\/uploads\/2025\/09\/cropped-Sabine_Moyne-270x270.jpeg 270w, https:\/\/www.sabinemoyne.com\/wp-content\/uploads\/2025\/09\/cropped-Sabine_Moyne-192x192.jpeg 192w, https:\/\/www.sabinemoyne.com\/wp-content\/uploads\/2025\/09\/cropped-Sabine_Moyne-180x180.jpeg 180w, https:\/\/www.sabinemoyne.com\/wp-content\/uploads\/2025\/09\/cropped-Sabine_Moyne-32x32.jpeg 32w\" sizes=\"auto, (max-width: 512px) 100vw, 512px\" \/><\/figure>\n\n\n\n<p>Bienvenue sur le site de Sabine Moyne, Consultante en gestion de carri\u00e8re, Coach, Facilitatrice et Formatrice<\/p>\n\n\n\n<p>Anim\u00e9e par la passion du d\u00e9veloppement des talents, Sabine Moyne accompagne les individus et les \u00e9quipes dans toutes les \u00e9tapes cl\u00e9s de leur \u00e9volution professionnelle. Son approche s\u2019appuie sur la rigueur du pilotage de projet, l\u2019intelligence collective et l\u2019innovation p\u00e9dagogique pour transformer chaque d\u00e9fi en opportunit\u00e9 de progression.<\/p>\n\n\n\n<h2 class=\"wp-block-heading\" id=\"prsentation--expertise\">Pr\u00e9sentation &amp; expertise<\/h2>\n\n\n\n<p>Avec une solide exp\u00e9rience acquise au sein de grands groupes et cabinets RH, Sabine Moyne se distingue par sa capacit\u00e9 \u00e0 impulser le changement, f\u00e9d\u00e9rer les talents et fluidifier les collaborations dans les organisations. Son accompagnement, toujours personnalis\u00e9, s\u2019adresse \u00e0 chacun : jeunes dipl\u00f4m\u00e9s, professionnels en \u00e9volution, managers, \u00e9quipes ou personnes en repositionnement de carri\u00e8re.<\/p>\n\n\n\n<ul class=\"wp-block-list\">\n<li>Accompagnement individuel : \u00e9volution, repositionnement professionnel, gestion de trajectoires, bilans de comp\u00e9tences ou outplacement<\/li>\n\n\n\n<li>Coaching et formation en management : intelligence collective, apprentissage par l\u2019action, gestion de situations professionnelles complexes<\/li>\n\n\n\n<li>D\u00e9veloppement personnel et communication interpersonnelle : s\u00e9ances MBTI en individuel ou en \u00e9quipe pour renforcer la coh\u00e9sion et l\u2019efficacit\u00e9<\/li>\n\n\n\n<li>Animation de co-d\u00e9veloppement : ateliers collectifs pour stimuler la r\u00e9flexion, partager les exp\u00e9riences et trouver ensemble des solutions concr\u00e8tes<\/li>\n<\/ul>\n\n\n\n<h2 class=\"wp-block-heading\" id=\"une-dmarche-humaine-et-innovante\">Une d\u00e9marche humaine et innovante<\/h2>\n\n\n\n<p>Sabine privil\u00e9gie l\u2019\u00e9coute, l\u2019empathie, la r\u00e9activit\u00e9 et le sens des r\u00e9sultats. Elle met en \u0153uvre des outils \u00e9prouv\u00e9s (MBTI, Strong, cod\u00e9veloppement professionnel et manag\u00e9rial, CNV&#8230;) pour faire \u00e9merger des projets porteurs de sens et accompagner la transition professionnelle avec s\u00e9r\u00e9nit\u00e9.<\/p>\n\n\n\n<h2 class=\"wp-block-heading\" id=\"parcours--rfrences\">Parcours &amp; r\u00e9f\u00e9rences<\/h2>\n\n\n\n<p>Dipl\u00f4m\u00e9e en Gestion des Ressources Humaines (IGS), Management franco-allemand (Sorbonne Paris 3) et Coach Consultant RNCP, Sabine r\u00e9unit plus de 17 ans d\u2019exp\u00e9rience en d\u00e9veloppement RH et gestion de projets transverses. Elle collabore avec des entreprises reconnues (Tourisme, Energie, Banque, Audiovisuel), travaille en r\u00e9seau au sein de l\u2019association SNC et s\u2019investit dans la formation professionnelle continue.<\/p>\n\n\n\n<h2 class=\"wp-block-heading\" id=\"pourquoi-choisir-sabine-moyne\">Pourquoi choisir Sabine Moyne ?<\/h2>\n\n\n\n<ul class=\"wp-block-list\">\n<li>Une expertise certifi\u00e9e et reconnue<\/li>\n\n\n\n<li>Une animation dynamique et f\u00e9d\u00e9ratrice<\/li>\n\n\n\n<li>Un accompagnement sur-mesure, alliant efficacit\u00e9 et bienveillance<\/li>\n\n\n\n<li>Une ma\u00eetrise des enjeux individuels, collectifs et organisationnels<\/li>\n<\/ul>\n\n\n\n<hr class=\"wp-block-separator has-alpha-channel-opacity\"\/>\n\n\n\n<p>Envie de donner un nouvel \u00e9lan \u00e0 votre carri\u00e8re, de r\u00e9v\u00e9ler vos talents ou d\u2019accompagner un groupe vers plus de performance et de coh\u00e9sion ? D\u00e9couvrez l\u2019accompagnement de Sabine Moyne et faites le choix d\u2019un parcours professionnel \u00e9panouissant, sur-mesure et r\u00e9solument humain.<br>Contactez d\u00e8s aujourd&rsquo;hui pour un premier \u00e9change !<\/p>\n\n\n\n<p><\/p>\n\n\n<h2><strong>\u00a0 \u00a0 \u00a0Accompagnement individuel<\/strong><\/h2>\n<ul>\n<li>Point carri\u00e8re<\/li>\n<li>Bilan de comp\u00e9tences<\/li>\n<li>Outplacement<\/li>\n<li>Techniques de recherche d&#8217;emploi<br \/>&gt; Strat\u00e9gie et outils de recherche<br \/>&gt; CV et lettre de motivation<br \/>&gt; Pr\u00e9paration aux entretiens de recrutement<\/li>\n<li>Dossier de demande de formation professionnelle (FONGECIF&#8230;)<br \/>\n<h2><strong>Accompagnement collectif<\/strong><\/h2>\n<\/li>\n<li>Conduite du changement<\/li>\n<li>Coh\u00e9sion d&rsquo;\u00e9quipe<\/li>\n<li>Pr\u00e9vention et gestion des conflits<\/li>\n<li>D\u00e9veloppement du leadership<br \/>\n<h2><strong>Certifications<\/strong><\/h2>\n<\/li>\n<li>MBTI<\/li>\n<li>STRONG<\/li>\n<li>F3P<\/li>\n<li>Intelligence Projective<br \/>\n<h2><strong>Partenaires<\/strong><\/h2>\n<\/li>\n<li><a href=\"https:\/\/ferrein.fr\/adelphis-mobilite\/\" target=\"_blank\" rel=\"noopener\">Cabinet Adelphis<\/a><\/li>\n<li><a href=\"https:\/\/sezam-co.fr\/\" target=\"_blank\" rel=\"noopener\">SEZAM&amp;Co<\/a>\u00a0<\/li>\n<\/ul>\n<h2><span style=\"font-size: 22.7472px;\">\u00a0 \u00a0 \u00a0 \u00a0R\u00e9f\u00e9rences<\/span><\/h2>\n<ul>\n<li>Intelligence Projective<\/li>\n<li>Air Liquide<\/li>\n<li>Canal+<\/li>\n<li>DIOR<\/li>\n<li>EDF<\/li>\n<li>Exane<\/li>\n<li>L&rsquo;Express<\/li>\n<li>LVMH<\/li>\n<li>TF1<\/li>\n<li>TUI &#8211; Transat<\/li>\n<li>Vivendi<\/li>\n<li>&#8230;<\/li>\n<\/ul>","protected":false},"excerpt":{"rendered":"<p>Bienvenue sur le site de Sabine Moyne, Consultante en gestion de carri\u00e8re, Coach, Facilitatrice et Formatrice Anim\u00e9e par la passion du d\u00e9veloppement des talents, Sabine Moyne accompagne les individus et les \u00e9quipes dans toutes les \u00e9tapes cl\u00e9s de leur \u00e9volution professionnelle. Son approche s\u2019appuie sur la rigueur du pilotage de projet, l\u2019intelligence collective et l\u2019innovation &hellip; <\/p>\n<p class=\"link-more\"><a href=\"https:\/\/www.sabinemoyne.com\/\" class=\"more-link\">Lire la suite de<span class=\"screen-reader-text\">\u00ab\u00a0Pr\u00e9sentation\u00a0\u00bb<\/span><\/a><\/p>\n","protected":false},"author":1,"featured_media":0,"parent":0,"menu_order":0,"comment_status":"closed","ping_status":"closed","template":"","meta":{"footnotes":""},"class_list":["post-5","page","type-page","status-publish","hentry"],"_links":{"self":[{"href":"https:\/\/www.sabinemoyne.com\/index.php\/wp-json\/wp\/v2\/pages\/5","targetHints":{"allow":["GET"]}}],"collection":[{"href":"https:\/\/www.sabinemoyne.com\/index.php\/wp-json\/wp\/v2\/pages"}],"about":[{"href":"https:\/\/www.sabinemoyne.com\/index.php\/wp-json\/wp\/v2\/types\/page"}],"author":[{"embeddable":true,"href":"https:\/\/www.sabinemoyne.com\/index.php\/wp-json\/wp\/v2\/users\/1"}],"replies":[{"embeddable":true,"href":"https:\/\/www.sabinemoyne.com\/index.php\/wp-json\/wp\/v2\/comments?post=5"}],"version-history":[{"count":9,"href":"https:\/\/www.sabinemoyne.com\/index.php\/wp-json\/wp\/v2\/pages\/5\/revisions"}],"predecessor-version":[{"id":127,"href":"https:\/\/www.sabinemoyne.com\/index.php\/wp-json\/wp\/v2\/pages\/5\/revisions\/127"}],"wp:attachment":[{"href":"https:\/\/www.sabinemoyne.com\/index.php\/wp-json\/wp\/v2\/media?parent=5"}],"curies":[{"name":"wp","href":"https:\/\/api.w.org\/{rel}","templated":true}]}}