{"id":59,"date":"2025-09-01T13:56:59","date_gmt":"2025-09-01T11:56:59","guid":{"rendered":"https:\/\/www.sabinemoyne.com\/?page_id=59"},"modified":"2025-09-01T13:56:59","modified_gmt":"2025-09-01T11:56:59","slug":"le-strong-linventaire-des-interets-professionnels","status":"publish","type":"page","link":"https:\/\/www.sabinemoyne.com\/index.php\/le-strong-linventaire-des-interets-professionnels\/","title":{"rendered":"Le STRONG, l&rsquo;inventaire des int\u00e9r\u00eats professionnels"},"content":{"rendered":"\n<p>L\u2019inventaire des int\u00e9r\u00eats professionnels Strong : un outil de r\u00e9f\u00e9rence pour l\u2019orientation et la gestion de carri\u00e8re<\/p>\n\n\n\n<p>L\u2019inventaire des int\u00e9r\u00eats professionnels Strong, souvent appel\u00e9 simplement \u00ab Strong \u00bb, est un questionnaire psychom\u00e9trique internationalement reconnu, con\u00e7u pour aider chacun \u00e0 identifier les environnements professionnels, m\u00e9tiers et activit\u00e9s qui correspondent le mieux \u00e0 ses centres d\u2019int\u00e9r\u00eat. Construit depuis les ann\u00e9es 30 par Edward K. Strong \u00e0 Stanford et constamment adapt\u00e9 aux \u00e9volutions du march\u00e9 du travail, le Strong offre une base solide pour r\u00e9fl\u00e9chir \u00e0 son projet professionnel et orienter ses choix d\u2019\u00e9tudes, de m\u00e9tiers ou de reconversion.<\/p>\n\n\n\n<h2 class=\"wp-block-heading\" id=\"que-mesure-le-strong\">Que mesure le Strong ?<\/h2>\n\n\n\n<p>Le Strong ne mesure pas les comp\u00e9tences techniques ou la personnalit\u00e9, mais les int\u00e9r\u00eats professionnels, c\u2019est-\u00e0-dire ce qui motive et stimule durablement une personne dans le contexte du travail. \u00c0 travers plus de 300 questions r\u00e9parties sur de nombreux th\u00e8mes, il permet de faire le lien entre les activit\u00e9s appr\u00e9ci\u00e9es, les environnements porteurs et les m\u00e9tiers dans lesquels la personne serait susceptible de s\u2019\u00e9panouir. Les r\u00e9sultats sont organis\u00e9s autour de six grands th\u00e8mes, appel\u00e9s \u00ab codes Holland \u00bb : R\u00e9aliste, Investigateur, Artistique, Social, Entreprenant et Conventionnel (acronyme RIASEC), qui refl\u00e8tent les grands domaines du monde professionnel.<\/p>\n\n\n\n<h2 class=\"wp-block-heading\" id=\"quoi-servent-les-rsultats\">\u00c0 quoi servent les r\u00e9sultats ?<\/h2>\n\n\n\n<p>Le rapport Strong propose :<\/p>\n\n\n\n<ul class=\"wp-block-list\">\n<li>Une cartographie pr\u00e9cise de vos centres d\u2019int\u00e9r\u00eats et des m\u00e9tiers compatibles avec votre profil<\/li>\n\n\n\n<li>Un classement des environnements professionnels o\u00f9 vous serez naturellement en confiance et motiv\u00e9<\/li>\n\n\n\n<li>Des pistes concr\u00e8tes pour la reconversion, la formation ou la mobilit\u00e9 interne<\/li>\n\n\n\n<li>Des conseils pour \u00e9quilibrer vie professionnelle et loisirs<\/li>\n\n\n\n<li>Une analyse de votre style d\u2019apprentissage, de leadership, ou encore de prise de d\u00e9cision<\/li>\n<\/ul>\n\n\n\n<p>Le d\u00e9cryptage des r\u00e9sultats en entretien avec un consultant certifi\u00e9 est essentiel pour en tirer des recommandations concr\u00e8tes. Ce travail en duo aboutit \u00e0 un plan d\u2019action personnalis\u00e9 et \u00e0 l\u2019exploration de nouvelles perspectives r\u00e9alistes et enrichissantes.<\/p>\n\n\n\n<h2 class=\"wp-block-heading\" id=\"pourquoi-utiliser-le-strong-dans-laccompagnement\">Pourquoi utiliser le Strong dans l\u2019accompagnement ?<\/h2>\n\n\n\n<p>Le Strong s\u2019adresse \u00e0 ceux qui souhaitent clarifier leur orientation, valider leur projet ou trouver leur voie en fonction de leurs aspirations profondes. Il s\u2019appuie sur pr\u00e8s d\u2019un si\u00e8cle de recherches et un vaste r\u00e9pertoire de m\u00e9tiers actualis\u00e9. Son approche puissante et fiable en fait le test d\u2019int\u00e9r\u00eats le plus robuste du march\u00e9, utilis\u00e9 par les cabinets RH, les coachs et consultants en gestion de carri\u00e8re, pour accompagner les \u00e9tapes cl\u00e9s de l\u2019\u00e9volution professionnelle.<\/p>\n\n\n\n<p>En conclusion, passer le Strong avec un consultant est l\u2019opportunit\u00e9 de se reconnecter \u00e0 ses motivations, de s\u2019ouvrir \u00e0 des m\u00e9tiers parfois insoup\u00e7onn\u00e9s et d\u2019avancer sereinement vers un projet professionnel pleinement align\u00e9 avec soi.<\/p>\n","protected":false},"excerpt":{"rendered":"<p>L\u2019inventaire des int\u00e9r\u00eats professionnels Strong : un outil de r\u00e9f\u00e9rence pour l\u2019orientation et la gestion de carri\u00e8re L\u2019inventaire des int\u00e9r\u00eats professionnels Strong, souvent appel\u00e9 simplement \u00ab Strong \u00bb, est un questionnaire psychom\u00e9trique internationalement reconnu, con\u00e7u pour aider chacun \u00e0 identifier les environnements professionnels, m\u00e9tiers et activit\u00e9s qui correspondent le mieux \u00e0 ses centres d\u2019int\u00e9r\u00eat. Construit &hellip; <\/p>\n<p class=\"link-more\"><a href=\"https:\/\/www.sabinemoyne.com\/index.php\/le-strong-linventaire-des-interets-professionnels\/\" class=\"more-link\">Lire la suite de<span class=\"screen-reader-text\">\u00ab\u00a0Le STRONG, l&rsquo;inventaire des int\u00e9r\u00eats professionnels\u00a0\u00bb<\/span><\/a><\/p>\n","protected":false},"author":1,"featured_media":0,"parent":0,"menu_order":0,"comment_status":"closed","ping_status":"closed","template":"","meta":{"footnotes":""},"class_list":["post-59","page","type-page","status-publish","hentry"],"_links":{"self":[{"href":"https:\/\/www.sabinemoyne.com\/index.php\/wp-json\/wp\/v2\/pages\/59","targetHints":{"allow":["GET"]}}],"collection":[{"href":"https:\/\/www.sabinemoyne.com\/index.php\/wp-json\/wp\/v2\/pages"}],"about":[{"href":"https:\/\/www.sabinemoyne.com\/index.php\/wp-json\/wp\/v2\/types\/page"}],"author":[{"embeddable":true,"href":"https:\/\/www.sabinemoyne.com\/index.php\/wp-json\/wp\/v2\/users\/1"}],"replies":[{"embeddable":true,"href":"https:\/\/www.sabinemoyne.com\/index.php\/wp-json\/wp\/v2\/comments?post=59"}],"version-history":[{"count":1,"href":"https:\/\/www.sabinemoyne.com\/index.php\/wp-json\/wp\/v2\/pages\/59\/revisions"}],"predecessor-version":[{"id":60,"href":"https:\/\/www.sabinemoyne.com\/index.php\/wp-json\/wp\/v2\/pages\/59\/revisions\/60"}],"wp:attachment":[{"href":"https:\/\/www.sabinemoyne.com\/index.php\/wp-json\/wp\/v2\/media?parent=59"}],"curies":[{"name":"wp","href":"https:\/\/api.w.org\/{rel}","templated":true}]}}