{"id":73,"date":"2025-09-01T16:53:33","date_gmt":"2025-09-01T14:53:33","guid":{"rendered":"https:\/\/www.sabinemoyne.com\/?page_id=73"},"modified":"2025-09-10T21:17:27","modified_gmt":"2025-09-10T19:17:27","slug":"vous-etes-en-recherche-demploi-un-accompagnement-sur-mesure","status":"publish","type":"page","link":"https:\/\/www.sabinemoyne.com\/index.php\/vous-etes-en-recherche-demploi-un-accompagnement-sur-mesure\/","title":{"rendered":"Vous \u00eates en recherche d\u2019emploi : un accompagnement sur mesure"},"content":{"rendered":"\n<p><\/p>\n\n\n\n<p>La recherche d\u2019un nouvel emploi ou un reclassement professionnel n\u00e9cessitent \u00e9coute, strat\u00e9gie et confiance en ses comp\u00e9tences. Sabine Moyne vous propose un accompagnement personnalis\u00e9 qui place votre projet et votre progression au c\u0153ur de la d\u00e9marche.<\/p>\n\n\n\n<h2 class=\"wp-block-heading\" id=\"clarifier-ou-dfinir-votre-projet-professionnel\">Clarifier ou d\u00e9finir votre projet professionnel<\/h2>\n\n\n\n<p>Un projet professionnel bien d\u00e9fini est essentiel pour cibler efficacement vos recherches et donner du sens \u00e0 votre carri\u00e8re. Par le biais d&rsquo;entretiens personnalis\u00e9s, de bilans de comp\u00e9tences et de tests d\u2019int\u00e9r\u00eats, nous explorons ensemble vos motivations, vos forces et vos objectifs pour vous aider \u00e0 prendre les bonnes d\u00e9cisions et choisir un parcours adapt\u00e9 \u00e0 vos souhaits. Les outils comme le <a href=\"https:\/\/www.sabinemoyne.com\/index.php\/le-mbti-un-outil-complet-au-service-de-la-connaissance-de-soi\/\">MBTI<\/a>, le <a href=\"https:\/\/www.sabinemoyne.com\/index.php\/le-f3p-formation-projet-professionnel-personnalise-une-demarche-structuree-et-originale-du-groupe-jl-ferrein\/\">F3P<\/a> seront particuli\u00e8rement pertinents dans le stade initial de la connaissance de soi.<\/p>\n\n\n\n<h2 class=\"wp-block-heading\" id=\"conseil-pour-amliorer-votre-cv-et-lettre-de-motiva\">Conseil pour am\u00e9liorer votre CV et lettre de motivation<\/h2>\n\n\n\n<p>Ces documents sont la premi\u00e8re image que vous laissez aux recruteurs. L\u2019accompagnement vise \u00e0 les rendre convaincants, pr\u00e9cis, et align\u00e9s sur votre projet professionnel. Ensemble, nous valorisons vos exp\u00e9riences, identifions les mots-cl\u00e9s et travaillons la coh\u00e9rence entre votre parcours, vos ambitions et les attentes des employeurs.<\/p>\n\n\n\n<h2 class=\"wp-block-heading\" id=\"prparer-les-entretiens\">Pr\u00e9parer les entretiens<\/h2>\n\n\n\n<p>Les entretiens, v\u00e9ritables tremplins vers l\u2019emploi, n\u00e9cessitent pr\u00e9paration et ma\u00eetrise de soi. \u00c0 travers des simulations, des conseils pratiques et une mise en situation, vous d\u00e9veloppez votre aisance, apprenez \u00e0 mettre en avant vos comp\u00e9tences, votre motivation et \u00e0 r\u00e9pondre aux questions difficiles. Vous repartez pr\u00eat(e) \u00e0 convaincre, avec plus de confiance et d\u2019impact.<\/p>\n\n\n\n<h2 class=\"wp-block-heading\" id=\"personnes-en-reclassement-professionnel\">Personnes en reclassement professionnel<\/h2>\n\n\n\n<p>La p\u00e9riode de reclassement est une opportunit\u00e9 pour se r\u00e9inventer professionnellement. Avec un accompagnement cibl\u00e9, nous travaillons \u00e0 la valorisation de vos comp\u00e9tences transf\u00e9rables, la recherche d\u2019opportunit\u00e9s en ad\u00e9quation avec votre profil et la construction d\u2019une strat\u00e9gie pour relancer votre dynamique de carri\u00e8re. Vous n\u2019\u00eates pas seul(e) dans cette transition : chaque \u00e9tape est pens\u00e9e pour s\u00e9curiser et acc\u00e9l\u00e9rer votre retour \u00e0 l\u2019emploi.<\/p>\n\n\n\n<hr class=\"wp-block-separator has-alpha-channel-opacity\"\/>\n\n\n\n<h2 class=\"wp-block-heading\" id=\"tmoignage\">T\u00e9moignage<\/h2>\n\n\n\n<p>\u00ab Apr\u00e8s une rupture professionnelle, je me sentais un peu perdu, notamment pour pr\u00e9parer mes candidatures et mes entretiens. L\u2019accompagnement de Sabine m\u2019a permis de clarifier mes objectifs, d\u2019am\u00e9liorer mes outils et d\u2019arriver serein en entretien. R\u00e9sultat : j\u2019ai retrouv\u00e9 un poste en accord avec mes valeurs. \u00bb \u2013 Maxime L.<\/p>\n\n\n\n<hr class=\"wp-block-separator has-alpha-channel-opacity\"\/>\n\n\n\n<h2 class=\"wp-block-heading\" id=\"prendre-contact\">Prendre contact<\/h2>\n\n\n\n<p>Pr\u00eat(e) \u00e0 avancer vers votre nouvel emploi et \u00e0 donner une nouvelle impulsion \u00e0 votre parcours professionnel ? Sabine Moyne vous accueille pour un premier \u00e9change, via le <a href=\"https:\/\/www.sabinemoyne.com\/index.php\/contact\/\" data-type=\"page\" data-id=\"8\">formulaire du site<\/a>. Faites le premier pas, votre avenir s\u2019\u00e9crit d\u00e8s maintenant !<\/p>\n\n\n\n<p><\/p>\n","protected":false},"excerpt":{"rendered":"<p>La recherche d\u2019un nouvel emploi ou un reclassement professionnel n\u00e9cessitent \u00e9coute, strat\u00e9gie et confiance en ses comp\u00e9tences. Sabine Moyne vous propose un accompagnement personnalis\u00e9 qui place votre projet et votre progression au c\u0153ur de la d\u00e9marche. Clarifier ou d\u00e9finir votre projet professionnel Un projet professionnel bien d\u00e9fini est essentiel pour cibler efficacement vos recherches et &hellip; <\/p>\n<p class=\"link-more\"><a href=\"https:\/\/www.sabinemoyne.com\/index.php\/vous-etes-en-recherche-demploi-un-accompagnement-sur-mesure\/\" class=\"more-link\">Lire la suite de<span class=\"screen-reader-text\">\u00ab\u00a0Vous \u00eates en recherche d\u2019emploi : un accompagnement sur mesure\u00a0\u00bb<\/span><\/a><\/p>\n","protected":false},"author":1,"featured_media":0,"parent":0,"menu_order":0,"comment_status":"closed","ping_status":"closed","template":"","meta":{"footnotes":""},"class_list":["post-73","page","type-page","status-publish","hentry"],"_links":{"self":[{"href":"https:\/\/www.sabinemoyne.com\/index.php\/wp-json\/wp\/v2\/pages\/73","targetHints":{"allow":["GET"]}}],"collection":[{"href":"https:\/\/www.sabinemoyne.com\/index.php\/wp-json\/wp\/v2\/pages"}],"about":[{"href":"https:\/\/www.sabinemoyne.com\/index.php\/wp-json\/wp\/v2\/types\/page"}],"author":[{"embeddable":true,"href":"https:\/\/www.sabinemoyne.com\/index.php\/wp-json\/wp\/v2\/users\/1"}],"replies":[{"embeddable":true,"href":"https:\/\/www.sabinemoyne.com\/index.php\/wp-json\/wp\/v2\/comments?post=73"}],"version-history":[{"count":3,"href":"https:\/\/www.sabinemoyne.com\/index.php\/wp-json\/wp\/v2\/pages\/73\/revisions"}],"predecessor-version":[{"id":124,"href":"https:\/\/www.sabinemoyne.com\/index.php\/wp-json\/wp\/v2\/pages\/73\/revisions\/124"}],"wp:attachment":[{"href":"https:\/\/www.sabinemoyne.com\/index.php\/wp-json\/wp\/v2\/media?parent=73"}],"curies":[{"name":"wp","href":"https:\/\/api.w.org\/{rel}","templated":true}]}}