{"id":81,"date":"2025-09-01T17:02:53","date_gmt":"2025-09-01T15:02:53","guid":{"rendered":"https:\/\/www.sabinemoyne.com\/?page_id=81"},"modified":"2025-09-01T17:02:53","modified_gmt":"2025-09-01T15:02:53","slug":"vous-etes-en-poste-un-accompagnement-pour-reussir-et-evoluer","status":"publish","type":"page","link":"https:\/\/www.sabinemoyne.com\/index.php\/vous-etes-en-poste-un-accompagnement-pour-reussir-et-evoluer\/","title":{"rendered":"Vous \u00eates en poste : un accompagnement pour r\u00e9ussir et \u00e9voluer"},"content":{"rendered":"\n<p><\/p>\n\n\n\n<p>\u00catre en poste, c\u2019est vivre au quotidien des d\u00e9fis professionnels et personnels qui influencent votre \u00e9panouissement et la qualit\u00e9 de votre trajectoire. Sabine Moyne vous propose une d\u00e9marche sur mesure pour renforcer les bases de votre r\u00e9ussite, optimiser vos relations et pr\u00e9parer les prochaines \u00e9tapes de votre carri\u00e8re.<\/p>\n\n\n\n<h2 class=\"wp-block-heading\" id=\"la-prise-de-poste--une-tape-cl\">La prise de poste : une \u00e9tape cl\u00e9<\/h2>\n\n\n\n<p>Les premiers mois dans un nouveau poste sont d\u00e9terminants pour cr\u00e9er votre dynamique et inspirer confiance. L\u2019accompagnement personnalis\u00e9 vous aide \u00e0 trouver rapidement vos rep\u00e8res, comprendre les attentes, anticiper les difficult\u00e9s et construire vos premiers succ\u00e8s. Vous b\u00e9n\u00e9ficiez d\u2019outils pratiques pour structurer votre integration, g\u00e9rer les priorit\u00e9s et poser les bases d\u2019une relation de travail saine et constructive.<\/p>\n\n\n\n<h2 class=\"wp-block-heading\" id=\"manager--dvelopper-son-leadership-et-surmonter-les\">Manager : d\u00e9velopper son leadership et surmonter les difficult\u00e9s<\/h2>\n\n\n\n<p>Le management est synonyme de challenges constants. Que vous rencontriez des tensions dans votre \u00e9quipe ou souhaitiez renforcer votre leadership, l\u2019accompagnement vous propose : analyse des situations, outils de communication, gestion des conflits, d\u00e9veloppement du style manag\u00e9rial et des comp\u00e9tences relationnelles. Ensemble, nous travaillons \u00e0 instaurer un climat collaboratif, f\u00e9d\u00e9rer et motiver autour d\u2019une vision commune et affirmer votre posture de leader.<\/p>\n\n\n\n<h2 class=\"wp-block-heading\" id=\"employ--amliorer-les-relations-avec-le-manager-ou\">Employ\u00e9 : am\u00e9liorer les relations avec le manager ou les coll\u00e8gues<\/h2>\n\n\n\n<p>Des relations harmonieuses renforcent la satisfaction au travail et la coh\u00e9sion des \u00e9quipes. L\u2019accompagnement individuel vous aide \u00e0 mieux comprendre les diff\u00e9rences de fonctionnement, \u00e0 d\u00e9velopper l\u2019assertivit\u00e9, \u00e0 d\u00e9samorcer les malentendus et \u00e0 instaurer une communication positive et efficace pour fluidifier les \u00e9changes au sein de votre environnement professionnel.<\/p>\n\n\n\n<h2 class=\"wp-block-heading\" id=\"insatisfaction-en-poste--dfinir-la-prochaine-tape\">Insatisfaction en poste : d\u00e9finir la prochaine \u00e9tape<\/h2>\n\n\n\n<p>Le manque de satisfaction, de sens ou de perspectives n\u00e9cessite un temps de r\u00e9flexion. Gr\u00e2ce \u00e0 une \u00e9coute attentive et des outils adapt\u00e9s (bilan professionnel, exploration des envies, identification des leviers de motivation), nous analysons ensemble la situation pour clarifier vos attentes et poser les bases d\u2019un nouveau projet professionnel, qu\u2019il s\u2019agisse d\u2019\u00e9volution interne, de mobilit\u00e9 ou de r\u00e9orientation.<\/p>\n\n\n\n<hr class=\"wp-block-separator has-alpha-channel-opacity\"\/>\n\n\n\n<h2 class=\"wp-block-heading\" id=\"tmoignage\">T\u00e9moignage<\/h2>\n\n\n\n<p>\u00ab Lors de ma prise de poste comme manager, j\u2019ai vraiment b\u00e9n\u00e9fici\u00e9 de l\u2019accompagnement de Sabine pour g\u00e9rer les situations complexes et renforcer mon leadership. Gr\u00e2ce \u00e0 son \u00e9coute et ses conseils, les relations dans mon \u00e9quipe se sont apais\u00e9es et j\u2019ai gagn\u00e9 en confiance dans ma nouvelle fonction. \u00bb \u2013 Caroline P.<\/p>\n\n\n\n<hr class=\"wp-block-separator has-alpha-channel-opacity\"\/>\n\n\n\n<h2 class=\"wp-block-heading\" id=\"prendre-contact\">Prendre contact<\/h2>\n\n\n\n<p>Envie de consolider votre r\u00e9ussite, d\u2019optimiser vos collaborations ou de pr\u00e9parer la prochaine \u00e9tape de votre parcours ? Sabine Moyne est \u00e0 votre disposition pour \u00e9changer sur vos besoins et vos ambitions. Prenez contact d\u00e8s aujourd\u2019hui par t\u00e9l\u00e9phone, mail ou via le formulaire du site : votre \u00e9volution commence ici !<\/p>\n","protected":false},"excerpt":{"rendered":"<p>\u00catre en poste, c\u2019est vivre au quotidien des d\u00e9fis professionnels et personnels qui influencent votre \u00e9panouissement et la qualit\u00e9 de votre trajectoire. Sabine Moyne vous propose une d\u00e9marche sur mesure pour renforcer les bases de votre r\u00e9ussite, optimiser vos relations et pr\u00e9parer les prochaines \u00e9tapes de votre carri\u00e8re. La prise de poste : une \u00e9tape &hellip; <\/p>\n<p class=\"link-more\"><a href=\"https:\/\/www.sabinemoyne.com\/index.php\/vous-etes-en-poste-un-accompagnement-pour-reussir-et-evoluer\/\" class=\"more-link\">Lire la suite de<span class=\"screen-reader-text\">\u00ab\u00a0Vous \u00eates en poste : un accompagnement pour r\u00e9ussir et \u00e9voluer\u00a0\u00bb<\/span><\/a><\/p>\n","protected":false},"author":1,"featured_media":0,"parent":0,"menu_order":0,"comment_status":"closed","ping_status":"closed","template":"","meta":{"footnotes":""},"class_list":["post-81","page","type-page","status-publish","hentry"],"_links":{"self":[{"href":"https:\/\/www.sabinemoyne.com\/index.php\/wp-json\/wp\/v2\/pages\/81","targetHints":{"allow":["GET"]}}],"collection":[{"href":"https:\/\/www.sabinemoyne.com\/index.php\/wp-json\/wp\/v2\/pages"}],"about":[{"href":"https:\/\/www.sabinemoyne.com\/index.php\/wp-json\/wp\/v2\/types\/page"}],"author":[{"embeddable":true,"href":"https:\/\/www.sabinemoyne.com\/index.php\/wp-json\/wp\/v2\/users\/1"}],"replies":[{"embeddable":true,"href":"https:\/\/www.sabinemoyne.com\/index.php\/wp-json\/wp\/v2\/comments?post=81"}],"version-history":[{"count":1,"href":"https:\/\/www.sabinemoyne.com\/index.php\/wp-json\/wp\/v2\/pages\/81\/revisions"}],"predecessor-version":[{"id":82,"href":"https:\/\/www.sabinemoyne.com\/index.php\/wp-json\/wp\/v2\/pages\/81\/revisions\/82"}],"wp:attachment":[{"href":"https:\/\/www.sabinemoyne.com\/index.php\/wp-json\/wp\/v2\/media?parent=81"}],"curies":[{"name":"wp","href":"https:\/\/api.w.org\/{rel}","templated":true}]}}